{"id":43,"date":"2020-02-26T09:30:31","date_gmt":"2020-02-26T09:30:31","guid":{"rendered":"https:\/\/demoapus2.com\/homeo\/?page_id=43"},"modified":"2024-10-22T21:25:00","modified_gmt":"2024-10-22T19:25:00","slug":"pricing","status":"publish","type":"page","link":"https:\/\/rentalcannes.fr\/?page_id=43","title":{"rendered":"Nos Tarifs"},"content":{"rendered":"\t\t<div data-elementor-type=\"wp-page\" data-elementor-id=\"43\" class=\"elementor elementor-43\">\n\t\t\t\t\t\t<section class=\"elementor-section elementor-top-section elementor-element elementor-element-80a5c8e elementor-section-stretched elementor-section-boxed elementor-section-height-default elementor-section-height-default\" data-id=\"80a5c8e\" data-element_type=\"section\" data-settings=\"{&quot;stretch_section&quot;:&quot;section-stretched&quot;,&quot;background_background&quot;:&quot;classic&quot;}\">\n\t\t\t\t\t\t<div class=\"elementor-container elementor-column-gap-extended\">\n\t\t\t\t\t<div class=\"elementor-column elementor-col-100 elementor-top-column elementor-element elementor-element-3f9e166\" data-id=\"3f9e166\" data-element_type=\"column\">\n\t\t\t<div class=\"elementor-widget-wrap elementor-element-populated\">\n\t\t\t\t\t\t<div class=\"elementor-element elementor-element-3e5aa22 elementor-widget elementor-widget-heading\" data-id=\"3e5aa22\" data-element_type=\"widget\" data-widget_type=\"heading.default\">\n\t\t\t\t<div class=\"elementor-widget-container\">\n\t\t\t\t\t<h2 class=\"elementor-heading-title elementor-size-default\">Choisissez votre plan id\u00e9al chez nous<\/h2>\t\t\t\t<\/div>\n\t\t\t\t<\/div>\n\t\t\t\t<div class=\"elementor-element elementor-element-c4d4176 elementor-widget elementor-widget-heading\" data-id=\"c4d4176\" data-element_type=\"widget\" data-widget_type=\"heading.default\">\n\t\t\t\t<div class=\"elementor-widget-container\">\n\t\t\t\t\t<div class=\"elementor-heading-title elementor-size-default\">Nous offrons un service complet \u00e0 chaque \u00e9tape<\/div>\t\t\t\t<\/div>\n\t\t\t\t<\/div>\n\t\t\t\t\t<\/div>\n\t\t<\/div>\n\t\t\t\t\t<\/div>\n\t\t<\/section>\n\t\t\t\t<section class=\"elementor-section elementor-top-section elementor-element elementor-element-37e7f08 elementor-section-stretched elementor-section-boxed elementor-section-height-default elementor-section-height-default\" data-id=\"37e7f08\" data-element_type=\"section\" data-settings=\"{&quot;stretch_section&quot;:&quot;section-stretched&quot;}\">\n\t\t\t\t\t\t<div class=\"elementor-container elementor-column-gap-extended\">\n\t\t\t\t\t<div class=\"elementor-column elementor-col-100 elementor-top-column elementor-element elementor-element-fb1ad34\" data-id=\"fb1ad34\" data-element_type=\"column\">\n\t\t\t<div class=\"elementor-widget-wrap elementor-element-populated\">\n\t\t\t\t\t\t<div class=\"elementor-element elementor-element-89f0506 elementor-widget elementor-widget-apus_element_packages\" data-id=\"89f0506\" data-element_type=\"widget\" data-widget_type=\"apus_element_packages.default\">\n\t\t\t\t<div class=\"elementor-widget-container\">\n\t\t\t\t\t        <div class=\"woocommerce widget-subwoo \">\n                            <div class=\"row\">\n                                            <div class=\"col-xs-12 col-sm-4\">\n                            <div class=\"subwoo-inner \">\n                                <div class=\"item\">\n                                    <div class=\"header-sub\">\n                                        <div class=\"price\"><span class=\"woocommerce-Price-amount amount\"><bdi>56.00<span class=\"woocommerce-Price-currencySymbol\">&euro;<\/span><\/bdi><\/span><\/div>\n                                        <h3 class=\"title\">Standard Plan<\/h3>\n                                                                                    <div class=\"short-des\"><ul>\n<li>10 Property Listings<\/li>\n<li>30 Days Availability<\/li>\n<li>Feature Properties<\/li>\n<li>Limited Support<\/li>\n<\/ul>\n<\/div>\n                                                                            <\/div>\n                                    <div class=\"bottom-sub\">\n                                        <div class=\"button-action\"><div class=\"add-cart\"><a href=\"?add-to-cart=1389\" rel=\"nofollow\" data-product_id=\"1389\" data-product_sku=\"\" data-quantity=\"1\" class=\"button product_type_property_package add_to_cart_button ajax_add_to_cart product_type_property_package\">Ajouter au panier<\/a><\/div><\/div>\n                                    <\/div>\n                                <\/div>\n                            <\/div>\n                        <\/div>  \n                                            <div class=\"col-xs-12 col-sm-4\">\n                            <div class=\"subwoo-inner is_featured\">\n                                <div class=\"item\">\n                                    <div class=\"header-sub\">\n                                        <div class=\"price\"><span class=\"woocommerce-Price-amount amount\"><bdi>190.00<span class=\"woocommerce-Price-currencySymbol\">&euro;<\/span><\/bdi><\/span><\/div>\n                                        <h3 class=\"title\">Extended Plan<\/h3>\n                                                                                    <div class=\"short-des\"><ul>\n<li>30 Property Listings<\/li>\n<li>20 Days Availability<\/li>\n<li>Feature Properties<\/li>\n<li>Limited Support<\/li>\n<\/ul>\n<\/div>\n                                                                            <\/div>\n                                    <div class=\"bottom-sub\">\n                                        <div class=\"button-action\"><div class=\"add-cart\"><a href=\"?add-to-cart=1388\" rel=\"nofollow\" data-product_id=\"1388\" data-product_sku=\"\" data-quantity=\"1\" class=\"button product_type_property_package add_to_cart_button ajax_add_to_cart product_type_property_package\">Ajouter au panier<\/a><\/div><\/div>\n                                    <\/div>\n                                <\/div>\n                            <\/div>\n                        <\/div>  \n                                            <div class=\"col-xs-12 col-sm-4\">\n                            <div class=\"subwoo-inner \">\n                                <div class=\"item\">\n                                    <div class=\"header-sub\">\n                                        <div class=\"price\"><span class=\"woocommerce-Price-amount amount\"><bdi>291.00<span class=\"woocommerce-Price-currencySymbol\">&euro;<\/span><\/bdi><\/span><\/div>\n                                        <h3 class=\"title\">Premium Plan<\/h3>\n                                                                                    <div class=\"short-des\"><ul>\n<li>50 Property Listings<\/li>\n<li>60 Days Availability<\/li>\n<li>Feature Properties<\/li>\n<li>Limited Support<\/li>\n<\/ul>\n<\/div>\n                                                                            <\/div>\n                                    <div class=\"bottom-sub\">\n                                        <div class=\"button-action\"><div class=\"add-cart\"><a href=\"?add-to-cart=1387\" rel=\"nofollow\" data-product_id=\"1387\" data-product_sku=\"\" data-quantity=\"1\" class=\"button product_type_property_package add_to_cart_button ajax_add_to_cart product_type_property_package\">Ajouter au panier<\/a><\/div><\/div>\n                                    <\/div>\n                                <\/div>\n                            <\/div>\n                        <\/div>  \n                                    <\/div>\n                                    <\/div>\n        \t\t\t\t<\/div>\n\t\t\t\t<\/div>\n\t\t\t\t\t<\/div>\n\t\t<\/div>\n\t\t\t\t\t<\/div>\n\t\t<\/section>\n\t\t\t\t<section class=\"elementor-section elementor-top-section elementor-element elementor-element-be36c46 elementor-section-stretched elementor-section-content-middle elementor-section-boxed elementor-section-height-default elementor-section-height-default\" data-id=\"be36c46\" data-element_type=\"section\" data-settings=\"{&quot;stretch_section&quot;:&quot;section-stretched&quot;,&quot;background_background&quot;:&quot;classic&quot;}\">\n\t\t\t\t\t\t<div class=\"elementor-container elementor-column-gap-extended\">\n\t\t\t\t\t<div class=\"elementor-column elementor-col-50 elementor-top-column elementor-element elementor-element-067da08\" data-id=\"067da08\" data-element_type=\"column\">\n\t\t\t<div class=\"elementor-widget-wrap elementor-element-populated\">\n\t\t\t\t\t\t<div class=\"elementor-element elementor-element-053d4dd elementor-widget elementor-widget-heading\" data-id=\"053d4dd\" data-element_type=\"widget\" data-widget_type=\"heading.default\">\n\t\t\t\t<div class=\"elementor-widget-container\">\n\t\t\t\t\t<h2 class=\"elementor-heading-title elementor-size-default\">Devenir agent immobilier<\/h2>\t\t\t\t<\/div>\n\t\t\t\t<\/div>\n\t\t\t\t<div class=\"elementor-element elementor-element-bcc6e3d elementor-widget elementor-widget-heading\" data-id=\"bcc6e3d\" data-element_type=\"widget\" data-widget_type=\"heading.default\">\n\t\t\t\t<div class=\"elementor-widget-container\">\n\t\t\t\t\t<div class=\"elementor-heading-title elementor-size-default\">Nous travaillons uniquement avec les meilleures entreprises alentour de Cannes\n<\/div>\t\t\t\t<\/div>\n\t\t\t\t<\/div>\n\t\t\t\t\t<\/div>\n\t\t<\/div>\n\t\t\t\t<div class=\"elementor-column elementor-col-50 elementor-top-column elementor-element elementor-element-df7497d\" data-id=\"df7497d\" data-element_type=\"column\">\n\t\t\t<div class=\"elementor-widget-wrap elementor-element-populated\">\n\t\t\t\t\t\t<div class=\"elementor-element elementor-element-f60de16 elementor-align-right elementor-mobile-align-left elementor-widget elementor-widget-button\" data-id=\"f60de16\" data-element_type=\"widget\" data-widget_type=\"button.default\">\n\t\t\t\t<div class=\"elementor-widget-container\">\n\t\t\t\t\t\t\t\t\t<div class=\"elementor-button-wrapper\">\n\t\t\t\t\t<a class=\"elementor-button elementor-button-link elementor-size-md\" href=\"#\">\n\t\t\t\t\t\t<span class=\"elementor-button-content-wrapper\">\n\t\t\t\t\t\t\t\t\t<span class=\"elementor-button-text\">Inscrivez-vous maintenant<\/span>\n\t\t\t\t\t<\/span>\n\t\t\t\t\t<\/a>\n\t\t\t\t<\/div>\n\t\t\t\t\t\t\t\t<\/div>\n\t\t\t\t<\/div>\n\t\t\t\t\t<\/div>\n\t\t<\/div>\n\t\t\t\t\t<\/div>\n\t\t<\/section>\n\t\t\t\t<\/div>\n\t\t","protected":false},"excerpt":{"rendered":"<p>Choisissez votre plan id\u00e9al chez nous Nous offrons un service complet \u00e0 chaque \u00e9tape $56.00 Standard Plan 10 Property Listings 30 Days Availability Feature Properties Limited Support Ajouter au panier $190.00 Extended Plan 30 Property Listings 20 Days Availability Feature Properties Limited Support Ajouter au panier $291.00 Premium Plan 50 Property Listings 60 Days Availability [&hellip;]<\/p>\n","protected":false},"author":1,"featured_media":0,"parent":0,"menu_order":0,"comment_status":"closed","ping_status":"closed","template":"","meta":{"footnotes":""},"class_list":["post-43","page","type-page","status-publish","hentry"],"yoast_head":"<!-- This site is optimized with the Yoast SEO plugin v25.4 - https:\/\/yoast.com\/wordpress\/plugins\/seo\/ -->\n<title>Nos Tarifs - RentalCannes.fr<\/title>\n<meta name=\"robots\" content=\"index, follow, max-snippet:-1, max-image-preview:large, max-video-preview:-1\" \/>\n<link rel=\"canonical\" href=\"https:\/\/rentalcannes.fr\/?page_id=43\" \/>\n<meta property=\"og:locale\" content=\"fr_FR\" \/>\n<meta property=\"og:type\" content=\"article\" \/>\n<meta property=\"og:title\" content=\"Nos Tarifs - RentalCannes.fr\" \/>\n<meta property=\"og:description\" content=\"Choisissez votre plan id\u00e9al chez nous Nous offrons un service complet \u00e0 chaque \u00e9tape $56.00 Standard Plan 10 Property Listings 30 Days Availability Feature Properties Limited Support Ajouter au panier $190.00 Extended Plan 30 Property Listings 20 Days Availability Feature Properties Limited Support Ajouter au panier $291.00 Premium Plan 50 Property Listings 60 Days Availability [&hellip;]\" \/>\n<meta property=\"og:url\" content=\"https:\/\/rentalcannes.fr\/?page_id=43\" \/>\n<meta property=\"og:site_name\" content=\"RentalCannes.fr\" \/>\n<meta property=\"article:modified_time\" content=\"2024-10-22T19:25:00+00:00\" \/>\n<meta name=\"twitter:card\" content=\"summary_large_image\" \/>\n<meta name=\"twitter:label1\" content=\"Dur\u00e9e de lecture estim\u00e9e\" \/>\n\t<meta name=\"twitter:data1\" content=\"1 minute\" \/>\n<script type=\"application\/ld+json\" class=\"yoast-schema-graph\">{\"@context\":\"https:\/\/schema.org\",\"@graph\":[{\"@type\":\"WebPage\",\"@id\":\"https:\/\/rentalcannes.fr\/?page_id=43\",\"url\":\"https:\/\/rentalcannes.fr\/?page_id=43\",\"name\":\"Nos Tarifs - RentalCannes.fr\",\"isPartOf\":{\"@id\":\"https:\/\/rentalcannes.fr\/#website\"},\"datePublished\":\"2020-02-26T09:30:31+00:00\",\"dateModified\":\"2024-10-22T19:25:00+00:00\",\"breadcrumb\":{\"@id\":\"https:\/\/rentalcannes.fr\/?page_id=43#breadcrumb\"},\"inLanguage\":\"fr-FR\",\"potentialAction\":[{\"@type\":\"ReadAction\",\"target\":[\"https:\/\/rentalcannes.fr\/?page_id=43\"]}]},{\"@type\":\"BreadcrumbList\",\"@id\":\"https:\/\/rentalcannes.fr\/?page_id=43#breadcrumb\",\"itemListElement\":[{\"@type\":\"ListItem\",\"position\":1,\"name\":\"Accueil\",\"item\":\"https:\/\/rentalcannes.fr\/\"},{\"@type\":\"ListItem\",\"position\":2,\"name\":\"Nos Tarifs\"}]},{\"@type\":\"WebSite\",\"@id\":\"https:\/\/rentalcannes.fr\/#website\",\"url\":\"https:\/\/rentalcannes.fr\/\",\"name\":\"RentalCannes.fr\",\"description\":\"www.RentalCannes.fr\",\"potentialAction\":[{\"@type\":\"SearchAction\",\"target\":{\"@type\":\"EntryPoint\",\"urlTemplate\":\"https:\/\/rentalcannes.fr\/?s={search_term_string}\"},\"query-input\":{\"@type\":\"PropertyValueSpecification\",\"valueRequired\":true,\"valueName\":\"search_term_string\"}}],\"inLanguage\":\"fr-FR\"}]}<\/script>\n<!-- \/ Yoast SEO plugin. -->","yoast_head_json":{"title":"Nos Tarifs - RentalCannes.fr","robots":{"index":"index","follow":"follow","max-snippet":"max-snippet:-1","max-image-preview":"max-image-preview:large","max-video-preview":"max-video-preview:-1"},"canonical":"https:\/\/rentalcannes.fr\/?page_id=43","og_locale":"fr_FR","og_type":"article","og_title":"Nos Tarifs - RentalCannes.fr","og_description":"Choisissez votre plan id\u00e9al chez nous Nous offrons un service complet \u00e0 chaque \u00e9tape $56.00 Standard Plan 10 Property Listings 30 Days Availability Feature Properties Limited Support Ajouter au panier $190.00 Extended Plan 30 Property Listings 20 Days Availability Feature Properties Limited Support Ajouter au panier $291.00 Premium Plan 50 Property Listings 60 Days Availability [&hellip;]","og_url":"https:\/\/rentalcannes.fr\/?page_id=43","og_site_name":"RentalCannes.fr","article_modified_time":"2024-10-22T19:25:00+00:00","twitter_card":"summary_large_image","twitter_misc":{"Dur\u00e9e de lecture estim\u00e9e":"1 minute"},"schema":{"@context":"https:\/\/schema.org","@graph":[{"@type":"WebPage","@id":"https:\/\/rentalcannes.fr\/?page_id=43","url":"https:\/\/rentalcannes.fr\/?page_id=43","name":"Nos Tarifs - RentalCannes.fr","isPartOf":{"@id":"https:\/\/rentalcannes.fr\/#website"},"datePublished":"2020-02-26T09:30:31+00:00","dateModified":"2024-10-22T19:25:00+00:00","breadcrumb":{"@id":"https:\/\/rentalcannes.fr\/?page_id=43#breadcrumb"},"inLanguage":"fr-FR","potentialAction":[{"@type":"ReadAction","target":["https:\/\/rentalcannes.fr\/?page_id=43"]}]},{"@type":"BreadcrumbList","@id":"https:\/\/rentalcannes.fr\/?page_id=43#breadcrumb","itemListElement":[{"@type":"ListItem","position":1,"name":"Accueil","item":"https:\/\/rentalcannes.fr\/"},{"@type":"ListItem","position":2,"name":"Nos Tarifs"}]},{"@type":"WebSite","@id":"https:\/\/rentalcannes.fr\/#website","url":"https:\/\/rentalcannes.fr\/","name":"RentalCannes.fr","description":"www.RentalCannes.fr","potentialAction":[{"@type":"SearchAction","target":{"@type":"EntryPoint","urlTemplate":"https:\/\/rentalcannes.fr\/?s={search_term_string}"},"query-input":{"@type":"PropertyValueSpecification","valueRequired":true,"valueName":"search_term_string"}}],"inLanguage":"fr-FR"}]}},"_links":{"self":[{"href":"https:\/\/rentalcannes.fr\/index.php?rest_route=\/wp\/v2\/pages\/43","targetHints":{"allow":["GET"]}}],"collection":[{"href":"https:\/\/rentalcannes.fr\/index.php?rest_route=\/wp\/v2\/pages"}],"about":[{"href":"https:\/\/rentalcannes.fr\/index.php?rest_route=\/wp\/v2\/types\/page"}],"author":[{"embeddable":true,"href":"https:\/\/rentalcannes.fr\/index.php?rest_route=\/wp\/v2\/users\/1"}],"replies":[{"embeddable":true,"href":"https:\/\/rentalcannes.fr\/index.php?rest_route=%2Fwp%2Fv2%2Fcomments&post=43"}],"version-history":[{"count":11,"href":"https:\/\/rentalcannes.fr\/index.php?rest_route=\/wp\/v2\/pages\/43\/revisions"}],"predecessor-version":[{"id":3696,"href":"https:\/\/rentalcannes.fr\/index.php?rest_route=\/wp\/v2\/pages\/43\/revisions\/3696"}],"wp:attachment":[{"href":"https:\/\/rentalcannes.fr\/index.php?rest_route=%2Fwp%2Fv2%2Fmedia&parent=43"}],"curies":[{"name":"wp","href":"https:\/\/api.w.org\/{rel}","templated":true}]}}