{"id":3900,"date":"2024-10-27T20:31:10","date_gmt":"2024-10-27T18:31:10","guid":{"rendered":"https:\/\/rentalcannes.fr\/?page_id=3900"},"modified":"2024-10-27T23:01:14","modified_gmt":"2024-10-27T21:01:14","slug":"condition-dutilisation","status":"publish","type":"page","link":"https:\/\/rentalcannes.fr\/?page_id=3900","title":{"rendered":"Condition d&rsquo;Utilisation"},"content":{"rendered":"\r\n<div class=\"cmsms_text\">\r\n<div class=\"vc_row wpb_row vc_row-fluid\">\r\n<div class=\"wpb_column vc_column_container vc_col-sm-12\">\r\n<div class=\"vc_column-inner\">\r\n<div class=\"wpb_wrapper\">\r\n<div class=\"wpb_text_column wpb_content_element \">\r\n<div class=\"wpb_wrapper\">\r\n<div id=\"cmsms_row_66c084c841a7e\" class=\"cmsms_row cmsms_color_scheme_default\">\r\n<div class=\"cmsms_row_outer_parent\">\r\n<div class=\"cmsms_row_outer\">\r\n<div class=\"cmsms_row_inner\">\r\n<div class=\"cmsms_row_margin cmsms_11\">\r\n<div class=\"cmsms_column one_first\">\r\n<div class=\"cmsms_text\">\r\n<p class=\"font_8\"><strong>(1)<\/strong>\u00a0Le site\u00a0\u00a0<a href=\"https:\/\/rentalcannes.fr\/\" target=\"_blank\" rel=\"noopener\">www.RentalCannes.fr<\/a>, y compris toutes les applications mobiles qui y sont connect\u00e9es par l\u2019interm\u00e9diaire du Site, sont d\u00e9tenus et exploit\u00e9s par Morgan Carlier. Les pr\u00e9sentes Conditions commerciales (les \u00ab Conditions G\u00e9n\u00e9rales de Vente \u00bb) d\u00e9finissent les modalit\u00e9s et conditions dans lesquelles les visiteurs ou utilisateurs \u00a0peuvent visiter ou utiliser le Site et\/ou les Services.<\/p>\r\n<\/div>\r\n<\/div>\r\n<\/div>\r\n<\/div>\r\n<\/div>\r\n<\/div>\r\n<\/div>\r\n<div id=\"cmsms_row_66c084c841d95\" class=\"cmsms_row cmsms_color_scheme_default\">\r\n<div class=\"cmsms_row_outer_parent\">\r\n<div class=\"cmsms_row_outer\">\r\n<div class=\"cmsms_row_inner\">\r\n<div class=\"cmsms_row_margin cmsms_11\">\r\n<div class=\"cmsms_column one_first\">\r\n<div id=\"cmsms_divider_66c084c841f1f\" class=\"cmsms_divider solid\">\u00a0<\/div>\r\n<div class=\"cmsms_text\">\r\n<p class=\"font_8\"><strong>(2)<\/strong>\u00a0En acc\u00e9dant aux Services ou en les utilisant, vous reconnaissez avoir pris connaissance des pr\u00e9sentes Conditions et y consentir, et vous acceptez d\u2019\u00eatre li\u00e9 par elles. Si vous n\u2019acceptez pas toutes les Conditions, vous ne devez pas acc\u00e9der au Site ni utiliser aucun des Services. Lisez attentivement les pr\u00e9sentes Conditions avant d\u2019acc\u00e9der \u00e0, notre Site ou \u00e0 nos Services, ou de les utiliser.<\/p>\r\n<\/div>\r\n<\/div>\r\n<\/div>\r\n<\/div>\r\n<\/div>\r\n<\/div>\r\n<\/div>\r\n<div id=\"cmsms_row_66c084c841f83\" class=\"cmsms_row cmsms_color_scheme_default\">\r\n<div class=\"cmsms_row_outer_parent\">\r\n<div class=\"cmsms_row_outer\">\r\n<div class=\"cmsms_row_inner\">\r\n<div class=\"cmsms_row_margin cmsms_11\">\r\n<div class=\"cmsms_column one_first\">\r\n<div id=\"cmsms_divider_66c084c842023\" class=\"cmsms_divider solid\">\u00a0<\/div>\r\n<div class=\"cmsms_text\">\r\n<p class=\"font_8\"><strong>(3)<\/strong>\u00a0Vous d\u00e9clarez \u00eatre majeur(e) et poss\u00e9der l\u2019autorit\u00e9 l\u00e9gale, le droit et le pouvoir de conclure un accord contraignant bas\u00e9 sur les pr\u00e9sentes Conditions.<\/p>\r\n<\/div>\r\n<\/div>\r\n<\/div>\r\n<\/div>\r\n<\/div>\r\n<\/div>\r\n<\/div>\r\n<\/div>\r\n<\/div>\r\n<\/div>\r\n<\/div>\r\n<\/div>\r\n<\/div>\r\n<\/div>\r\n","protected":false},"excerpt":{"rendered":"<p>(1)\u00a0Le site\u00a0\u00a0www.RentalCannes.fr, y compris toutes les applications mobiles qui y sont connect\u00e9es par l\u2019interm\u00e9diaire du Site, sont d\u00e9tenus et exploit\u00e9s par Morgan Carlier. Les pr\u00e9sentes Conditions commerciales (les \u00ab Conditions G\u00e9n\u00e9rales de Vente \u00bb) d\u00e9finissent les modalit\u00e9s et conditions dans lesquelles les visiteurs ou utilisateurs \u00a0peuvent visiter ou utiliser le Site et\/ou les Services. \u00a0 [&hellip;]<\/p>\n","protected":false},"author":1,"featured_media":0,"parent":0,"menu_order":0,"comment_status":"closed","ping_status":"closed","template":"","meta":{"footnotes":""},"class_list":["post-3900","page","type-page","status-publish","hentry"],"yoast_head":"<!-- This site is optimized with the Yoast SEO plugin v25.4 - https:\/\/yoast.com\/wordpress\/plugins\/seo\/ -->\n<title>Condition d&#039;Utilisation - RentalCannes.fr<\/title>\n<meta name=\"robots\" content=\"index, follow, max-snippet:-1, max-image-preview:large, max-video-preview:-1\" \/>\n<link rel=\"canonical\" href=\"https:\/\/rentalcannes.fr\/?page_id=3900\" \/>\n<meta property=\"og:locale\" content=\"fr_FR\" \/>\n<meta property=\"og:type\" content=\"article\" \/>\n<meta property=\"og:title\" content=\"Condition d&#039;Utilisation - RentalCannes.fr\" \/>\n<meta property=\"og:description\" content=\"(1)\u00a0Le site\u00a0\u00a0www.RentalCannes.fr, y compris toutes les applications mobiles qui y sont connect\u00e9es par l\u2019interm\u00e9diaire du Site, sont d\u00e9tenus et exploit\u00e9s par Morgan Carlier. Les pr\u00e9sentes Conditions commerciales (les \u00ab Conditions G\u00e9n\u00e9rales de Vente \u00bb) d\u00e9finissent les modalit\u00e9s et conditions dans lesquelles les visiteurs ou utilisateurs \u00a0peuvent visiter ou utiliser le Site et\/ou les Services. \u00a0 [&hellip;]\" \/>\n<meta property=\"og:url\" content=\"https:\/\/rentalcannes.fr\/?page_id=3900\" \/>\n<meta property=\"og:site_name\" content=\"RentalCannes.fr\" \/>\n<meta property=\"article:modified_time\" content=\"2024-10-27T21:01:14+00:00\" \/>\n<meta name=\"twitter:card\" content=\"summary_large_image\" \/>\n<meta name=\"twitter:label1\" content=\"Dur\u00e9e de lecture estim\u00e9e\" \/>\n\t<meta name=\"twitter:data1\" content=\"1 minute\" \/>\n<script type=\"application\/ld+json\" class=\"yoast-schema-graph\">{\"@context\":\"https:\/\/schema.org\",\"@graph\":[{\"@type\":\"WebPage\",\"@id\":\"https:\/\/rentalcannes.fr\/?page_id=3900\",\"url\":\"https:\/\/rentalcannes.fr\/?page_id=3900\",\"name\":\"Condition d'Utilisation - RentalCannes.fr\",\"isPartOf\":{\"@id\":\"https:\/\/rentalcannes.fr\/#website\"},\"datePublished\":\"2024-10-27T18:31:10+00:00\",\"dateModified\":\"2024-10-27T21:01:14+00:00\",\"breadcrumb\":{\"@id\":\"https:\/\/rentalcannes.fr\/?page_id=3900#breadcrumb\"},\"inLanguage\":\"fr-FR\",\"potentialAction\":[{\"@type\":\"ReadAction\",\"target\":[\"https:\/\/rentalcannes.fr\/?page_id=3900\"]}]},{\"@type\":\"BreadcrumbList\",\"@id\":\"https:\/\/rentalcannes.fr\/?page_id=3900#breadcrumb\",\"itemListElement\":[{\"@type\":\"ListItem\",\"position\":1,\"name\":\"Accueil\",\"item\":\"https:\/\/rentalcannes.fr\/\"},{\"@type\":\"ListItem\",\"position\":2,\"name\":\"Condition d&rsquo;Utilisation\"}]},{\"@type\":\"WebSite\",\"@id\":\"https:\/\/rentalcannes.fr\/#website\",\"url\":\"https:\/\/rentalcannes.fr\/\",\"name\":\"RentalCannes.fr\",\"description\":\"www.RentalCannes.fr\",\"potentialAction\":[{\"@type\":\"SearchAction\",\"target\":{\"@type\":\"EntryPoint\",\"urlTemplate\":\"https:\/\/rentalcannes.fr\/?s={search_term_string}\"},\"query-input\":{\"@type\":\"PropertyValueSpecification\",\"valueRequired\":true,\"valueName\":\"search_term_string\"}}],\"inLanguage\":\"fr-FR\"}]}<\/script>\n<!-- \/ Yoast SEO plugin. -->","yoast_head_json":{"title":"Condition d'Utilisation - RentalCannes.fr","robots":{"index":"index","follow":"follow","max-snippet":"max-snippet:-1","max-image-preview":"max-image-preview:large","max-video-preview":"max-video-preview:-1"},"canonical":"https:\/\/rentalcannes.fr\/?page_id=3900","og_locale":"fr_FR","og_type":"article","og_title":"Condition d'Utilisation - RentalCannes.fr","og_description":"(1)\u00a0Le site\u00a0\u00a0www.RentalCannes.fr, y compris toutes les applications mobiles qui y sont connect\u00e9es par l\u2019interm\u00e9diaire du Site, sont d\u00e9tenus et exploit\u00e9s par Morgan Carlier. Les pr\u00e9sentes Conditions commerciales (les \u00ab Conditions G\u00e9n\u00e9rales de Vente \u00bb) d\u00e9finissent les modalit\u00e9s et conditions dans lesquelles les visiteurs ou utilisateurs \u00a0peuvent visiter ou utiliser le Site et\/ou les Services. \u00a0 [&hellip;]","og_url":"https:\/\/rentalcannes.fr\/?page_id=3900","og_site_name":"RentalCannes.fr","article_modified_time":"2024-10-27T21:01:14+00:00","twitter_card":"summary_large_image","twitter_misc":{"Dur\u00e9e de lecture estim\u00e9e":"1 minute"},"schema":{"@context":"https:\/\/schema.org","@graph":[{"@type":"WebPage","@id":"https:\/\/rentalcannes.fr\/?page_id=3900","url":"https:\/\/rentalcannes.fr\/?page_id=3900","name":"Condition d'Utilisation - RentalCannes.fr","isPartOf":{"@id":"https:\/\/rentalcannes.fr\/#website"},"datePublished":"2024-10-27T18:31:10+00:00","dateModified":"2024-10-27T21:01:14+00:00","breadcrumb":{"@id":"https:\/\/rentalcannes.fr\/?page_id=3900#breadcrumb"},"inLanguage":"fr-FR","potentialAction":[{"@type":"ReadAction","target":["https:\/\/rentalcannes.fr\/?page_id=3900"]}]},{"@type":"BreadcrumbList","@id":"https:\/\/rentalcannes.fr\/?page_id=3900#breadcrumb","itemListElement":[{"@type":"ListItem","position":1,"name":"Accueil","item":"https:\/\/rentalcannes.fr\/"},{"@type":"ListItem","position":2,"name":"Condition d&rsquo;Utilisation"}]},{"@type":"WebSite","@id":"https:\/\/rentalcannes.fr\/#website","url":"https:\/\/rentalcannes.fr\/","name":"RentalCannes.fr","description":"www.RentalCannes.fr","potentialAction":[{"@type":"SearchAction","target":{"@type":"EntryPoint","urlTemplate":"https:\/\/rentalcannes.fr\/?s={search_term_string}"},"query-input":{"@type":"PropertyValueSpecification","valueRequired":true,"valueName":"search_term_string"}}],"inLanguage":"fr-FR"}]}},"_links":{"self":[{"href":"https:\/\/rentalcannes.fr\/index.php?rest_route=\/wp\/v2\/pages\/3900","targetHints":{"allow":["GET"]}}],"collection":[{"href":"https:\/\/rentalcannes.fr\/index.php?rest_route=\/wp\/v2\/pages"}],"about":[{"href":"https:\/\/rentalcannes.fr\/index.php?rest_route=\/wp\/v2\/types\/page"}],"author":[{"embeddable":true,"href":"https:\/\/rentalcannes.fr\/index.php?rest_route=\/wp\/v2\/users\/1"}],"replies":[{"embeddable":true,"href":"https:\/\/rentalcannes.fr\/index.php?rest_route=%2Fwp%2Fv2%2Fcomments&post=3900"}],"version-history":[{"count":2,"href":"https:\/\/rentalcannes.fr\/index.php?rest_route=\/wp\/v2\/pages\/3900\/revisions"}],"predecessor-version":[{"id":3996,"href":"https:\/\/rentalcannes.fr\/index.php?rest_route=\/wp\/v2\/pages\/3900\/revisions\/3996"}],"wp:attachment":[{"href":"https:\/\/rentalcannes.fr\/index.php?rest_route=%2Fwp%2Fv2%2Fmedia&parent=3900"}],"curies":[{"name":"wp","href":"https:\/\/api.w.org\/{rel}","templated":true}]}}