{"id":3896,"date":"2024-10-27T20:25:54","date_gmt":"2024-10-27T18:25:54","guid":{"rendered":"https:\/\/rentalcannes.fr\/?page_id=3896"},"modified":"2024-10-27T20:27:31","modified_gmt":"2024-10-27T18:27:31","slug":"politique-en-matiere-de-cookies-2","status":"publish","type":"page","link":"https:\/\/rentalcannes.fr\/?page_id=3896","title":{"rendered":"Mentions L\u00e9gales"},"content":{"rendered":"\r\n<div class=\"cmsms_text\">\r\n<div class=\"vc_row wpb_row vc_row-fluid\">\r\n<div class=\"wpb_column vc_column_container vc_col-sm-12\">\r\n<div class=\"vc_column-inner\">\r\n<div class=\"wpb_wrapper\">\r\n<div class=\"wpb_text_column wpb_content_element \">\r\n<div class=\"wpb_wrapper\">\r\n<div class=\"consen-single-blog-details\">\r\n<div class=\"consen-single-blog-title\">\r\n<h2 class=\"wp-block-heading\"><strong style=\"font-size: 28px;\">1. Identification et Responsable du Site :<\/strong><\/h2>\r\n<\/div>\r\n<div class=\"consen-single-blog-content\">\r\n<div class=\"single-blog-content\">\r\n<div id=\"main\">\r\n<section id=\"middle\">\r\n<div class=\"middle_inner\">\r\n<div id=\"cmsms_row_66c084c841a7e\" class=\"cmsms_row cmsms_color_scheme_default\">\r\n<div class=\"cmsms_row_outer_parent\">\r\n<div class=\"cmsms_row_outer\">\r\n<div class=\"cmsms_row_inner\">\r\n<div class=\"cmsms_row_margin cmsms_11\">\r\n<div class=\"cmsms_column one_first\">\r\n<div class=\"cmsms_text\">\r\n<div class=\"cmsms_text\">\r\n<p class=\"font_8\"><b>Informatique Technologie Consulting\u00a0 \u00bb\u00a0<\/b><strong>IT Monaco<\/strong><b>\u00a0\u00ab\u00a0<\/b><\/p>\r\n<p class=\"font_8\"><strong>Repr\u00e9sent\u00e9 par :<\/strong>\u00a0Morgan Carlier<\/p>\r\n<p class=\"font_8\"><strong>Si\u00e8ge Social :<\/strong> 2971, Chemin Saint Bernard &#8211; Sophia Antipolis \u2013 06220 VALLAURIS<\/p>\r\n<p class=\"font_8\"><strong>Par T\u00e9l : \u00a0<a href=\"tel:+33422138503\">+ 33 (0)4 22 13 80 88<\/a><\/strong><\/p>\r\n<p class=\"font_8\"><strong>Par Email :<\/strong>\u00a0Formulaire de Contact sur le site\u00a0<strong><a href=\"https:\/\/rentalcannes.fr\/?page_id=39\" target=\"_blank\" rel=\"noopener\">www.RentalCannes.fr<\/a><\/strong><\/p>\r\n<p class=\"font_8\"><strong>Nos Site internet :<\/strong> <a href=\"https:\/\/rentalcannes.fr\/\" target=\"_blank\" rel=\"noopener\">RentalCannes.fr<\/a><\/p>\r\n<p class=\"font_8\"><strong>Montant du capital social :<\/strong>\u00a01 0<span class=\"backcolor_14\">00,00 \u20ac<\/span><\/p>\r\n<p class=\"font_8\"><strong>SIREN :<\/strong>\u00a0953 172 525<\/p>\r\n<p class=\"font_8\"><strong>SIRET :<\/strong>\u00a0953 172 525 00016<\/p>\r\n<p><strong>TVA : <\/strong>FR 73953172525<\/p>\r\n<\/div>\r\n<div id=\"cmsms_divider_66c085aa239bd\" class=\"cmsms_divider solid\">\u00a0<\/div>\r\n<div class=\"cmsms_text\">\r\n<h3 class=\"font_8\"><strong>2. H\u00e9bergement :<\/strong><\/h3>\r\n<div id=\"comp-kji64eyo\" class=\"KcpHeO tz5f0K comp-kji64eyo wixui-rich-text\" data-testid=\"richTextElement\" data-angle=\"0\" data-angle-style-location=\"style\" data-screen-in-hide=\"done\">\r\n<p><strong>Notre site internet est h\u00e9berg\u00e9 sur notre propre serveur d\u00e9dier :<\/strong><\/p>\r\n<p><strong>Nom :<\/strong>\u00a0Scaleway Datacenter<\/p>\r\n<p class=\"font_8\"><strong>Pays :<\/strong>\u00a0France<\/p>\r\n<p class=\"font_8\"><strong>Ville :<\/strong>\u00a0Paris<\/p>\r\n<p><strong>Lien :<\/strong>\u00a0<a href=\"https:\/\/pue.dc5.scaleway.com\/fr\/\" target=\"_blank\" rel=\"noopener\">www.scaleway.com<\/a><\/p>\r\n<p>Datacenter :\u00a0<strong>DC5<\/strong><\/p>\r\n<p>Salle :\u00a0<strong>1 1<\/strong><\/p>\r\n<p>Baie :\u00a0<strong>C35<\/strong><\/p>\r\n<p>Bloc :\u00a0<strong>D<\/strong><\/p>\r\n<p>Position :\u00a0<strong>7<\/strong><\/p>\r\n<\/div>\r\n<div id=\"comp-kji64eyp1\" class=\"KcpHeO tz5f0K comp-kji64eyp1 wixui-rich-text\" data-testid=\"richTextElement\" data-angle=\"0\" data-angle-style-location=\"style\" data-screen-in-hide=\"done\">\r\n<p class=\"font_8\"><span class=\"color_15\">La Commission europ\u00e9enne fournit une plateforme de r\u00e8glement des litiges en ligne (OS). Cette plateforme est disponible \u00e0 l\u2019adresse\u00a0<a href=\"http:\/\/ec.europa.eu\/consumers\/odr\/\" target=\"_blank\" rel=\"noopener\" data-auto-recognition=\"true\">http:\/\/ec.europa.eu\/consumers\/odr\/.<\/a> En tant que client, vous avez toujours la possibilit\u00e9 de contacter le conseil d\u2019arbitrage de la Commission europ\u00e9enne. Nous ne sommes ni dispos\u00e9s \u00e0, ni oblig\u00e9s de, participer \u00e0 une proc\u00e9dure de r\u00e8glement des litiges devant un conseil d\u2019arbitrage de la consommation.<\/span><\/p>\r\n<\/div>\r\n<\/div>\r\n<\/div>\r\n<\/div>\r\n<\/div>\r\n<\/div>\r\n<\/div>\r\n<\/div>\r\n<\/div>\r\n<\/div>\r\n<\/section>\r\n<\/div>\r\n<\/div>\r\n<\/div>\r\n<\/div>\r\n<\/div>\r\n<\/div>\r\n<\/div>\r\n<\/div>\r\n<\/div>\r\n<\/div>\r\n<\/div>\r\n","protected":false},"excerpt":{"rendered":"<p>1. Identification et Responsable du Site : Informatique Technologie Consulting\u00a0 \u00bb\u00a0IT Monaco\u00a0\u00ab\u00a0 Repr\u00e9sent\u00e9 par :\u00a0Morgan Carlier Si\u00e8ge Social : 2971, Chemin Saint Bernard &#8211; Sophia Antipolis \u2013 06220 VALLAURIS Par T\u00e9l : \u00a0+ 33 (0)4 22 13 80 88 Par Email :\u00a0Formulaire de Contact sur le site\u00a0www.RentalCannes.fr Nos Site internet : RentalCannes.fr Montant du capital [&hellip;]<\/p>\n","protected":false},"author":1,"featured_media":0,"parent":0,"menu_order":0,"comment_status":"closed","ping_status":"closed","template":"","meta":{"footnotes":""},"class_list":["post-3896","page","type-page","status-publish","hentry"],"yoast_head":"<!-- This site is optimized with the Yoast SEO plugin v25.4 - https:\/\/yoast.com\/wordpress\/plugins\/seo\/ -->\n<title>Mentions L\u00e9gales - RentalCannes.fr<\/title>\n<meta name=\"robots\" content=\"index, follow, max-snippet:-1, max-image-preview:large, max-video-preview:-1\" \/>\n<link rel=\"canonical\" href=\"https:\/\/rentalcannes.fr\/?page_id=3896\" \/>\n<meta property=\"og:locale\" content=\"fr_FR\" \/>\n<meta property=\"og:type\" content=\"article\" \/>\n<meta property=\"og:title\" content=\"Mentions L\u00e9gales - RentalCannes.fr\" \/>\n<meta property=\"og:description\" content=\"1. Identification et Responsable du Site : Informatique Technologie Consulting\u00a0 \u00bb\u00a0IT Monaco\u00a0\u00ab\u00a0 Repr\u00e9sent\u00e9 par :\u00a0Morgan Carlier Si\u00e8ge Social : 2971, Chemin Saint Bernard &#8211; Sophia Antipolis \u2013 06220 VALLAURIS Par T\u00e9l : \u00a0+ 33 (0)4 22 13 80 88 Par Email :\u00a0Formulaire de Contact sur le site\u00a0www.RentalCannes.fr Nos Site internet : RentalCannes.fr Montant du capital [&hellip;]\" \/>\n<meta property=\"og:url\" content=\"https:\/\/rentalcannes.fr\/?page_id=3896\" \/>\n<meta property=\"og:site_name\" content=\"RentalCannes.fr\" \/>\n<meta property=\"article:modified_time\" content=\"2024-10-27T18:27:31+00:00\" \/>\n<meta name=\"twitter:card\" content=\"summary_large_image\" \/>\n<meta name=\"twitter:label1\" content=\"Dur\u00e9e de lecture estim\u00e9e\" \/>\n\t<meta name=\"twitter:data1\" content=\"1 minute\" \/>\n<script type=\"application\/ld+json\" class=\"yoast-schema-graph\">{\"@context\":\"https:\/\/schema.org\",\"@graph\":[{\"@type\":\"WebPage\",\"@id\":\"https:\/\/rentalcannes.fr\/?page_id=3896\",\"url\":\"https:\/\/rentalcannes.fr\/?page_id=3896\",\"name\":\"Mentions L\u00e9gales - RentalCannes.fr\",\"isPartOf\":{\"@id\":\"https:\/\/rentalcannes.fr\/#website\"},\"datePublished\":\"2024-10-27T18:25:54+00:00\",\"dateModified\":\"2024-10-27T18:27:31+00:00\",\"breadcrumb\":{\"@id\":\"https:\/\/rentalcannes.fr\/?page_id=3896#breadcrumb\"},\"inLanguage\":\"fr-FR\",\"potentialAction\":[{\"@type\":\"ReadAction\",\"target\":[\"https:\/\/rentalcannes.fr\/?page_id=3896\"]}]},{\"@type\":\"BreadcrumbList\",\"@id\":\"https:\/\/rentalcannes.fr\/?page_id=3896#breadcrumb\",\"itemListElement\":[{\"@type\":\"ListItem\",\"position\":1,\"name\":\"Accueil\",\"item\":\"https:\/\/rentalcannes.fr\/\"},{\"@type\":\"ListItem\",\"position\":2,\"name\":\"Mentions L\u00e9gales\"}]},{\"@type\":\"WebSite\",\"@id\":\"https:\/\/rentalcannes.fr\/#website\",\"url\":\"https:\/\/rentalcannes.fr\/\",\"name\":\"RentalCannes.fr\",\"description\":\"www.RentalCannes.fr\",\"potentialAction\":[{\"@type\":\"SearchAction\",\"target\":{\"@type\":\"EntryPoint\",\"urlTemplate\":\"https:\/\/rentalcannes.fr\/?s={search_term_string}\"},\"query-input\":{\"@type\":\"PropertyValueSpecification\",\"valueRequired\":true,\"valueName\":\"search_term_string\"}}],\"inLanguage\":\"fr-FR\"}]}<\/script>\n<!-- \/ Yoast SEO plugin. -->","yoast_head_json":{"title":"Mentions L\u00e9gales - RentalCannes.fr","robots":{"index":"index","follow":"follow","max-snippet":"max-snippet:-1","max-image-preview":"max-image-preview:large","max-video-preview":"max-video-preview:-1"},"canonical":"https:\/\/rentalcannes.fr\/?page_id=3896","og_locale":"fr_FR","og_type":"article","og_title":"Mentions L\u00e9gales - RentalCannes.fr","og_description":"1. Identification et Responsable du Site : Informatique Technologie Consulting\u00a0 \u00bb\u00a0IT Monaco\u00a0\u00ab\u00a0 Repr\u00e9sent\u00e9 par :\u00a0Morgan Carlier Si\u00e8ge Social : 2971, Chemin Saint Bernard &#8211; Sophia Antipolis \u2013 06220 VALLAURIS Par T\u00e9l : \u00a0+ 33 (0)4 22 13 80 88 Par Email :\u00a0Formulaire de Contact sur le site\u00a0www.RentalCannes.fr Nos Site internet : RentalCannes.fr Montant du capital [&hellip;]","og_url":"https:\/\/rentalcannes.fr\/?page_id=3896","og_site_name":"RentalCannes.fr","article_modified_time":"2024-10-27T18:27:31+00:00","twitter_card":"summary_large_image","twitter_misc":{"Dur\u00e9e de lecture estim\u00e9e":"1 minute"},"schema":{"@context":"https:\/\/schema.org","@graph":[{"@type":"WebPage","@id":"https:\/\/rentalcannes.fr\/?page_id=3896","url":"https:\/\/rentalcannes.fr\/?page_id=3896","name":"Mentions L\u00e9gales - RentalCannes.fr","isPartOf":{"@id":"https:\/\/rentalcannes.fr\/#website"},"datePublished":"2024-10-27T18:25:54+00:00","dateModified":"2024-10-27T18:27:31+00:00","breadcrumb":{"@id":"https:\/\/rentalcannes.fr\/?page_id=3896#breadcrumb"},"inLanguage":"fr-FR","potentialAction":[{"@type":"ReadAction","target":["https:\/\/rentalcannes.fr\/?page_id=3896"]}]},{"@type":"BreadcrumbList","@id":"https:\/\/rentalcannes.fr\/?page_id=3896#breadcrumb","itemListElement":[{"@type":"ListItem","position":1,"name":"Accueil","item":"https:\/\/rentalcannes.fr\/"},{"@type":"ListItem","position":2,"name":"Mentions L\u00e9gales"}]},{"@type":"WebSite","@id":"https:\/\/rentalcannes.fr\/#website","url":"https:\/\/rentalcannes.fr\/","name":"RentalCannes.fr","description":"www.RentalCannes.fr","potentialAction":[{"@type":"SearchAction","target":{"@type":"EntryPoint","urlTemplate":"https:\/\/rentalcannes.fr\/?s={search_term_string}"},"query-input":{"@type":"PropertyValueSpecification","valueRequired":true,"valueName":"search_term_string"}}],"inLanguage":"fr-FR"}]}},"_links":{"self":[{"href":"https:\/\/rentalcannes.fr\/index.php?rest_route=\/wp\/v2\/pages\/3896","targetHints":{"allow":["GET"]}}],"collection":[{"href":"https:\/\/rentalcannes.fr\/index.php?rest_route=\/wp\/v2\/pages"}],"about":[{"href":"https:\/\/rentalcannes.fr\/index.php?rest_route=\/wp\/v2\/types\/page"}],"author":[{"embeddable":true,"href":"https:\/\/rentalcannes.fr\/index.php?rest_route=\/wp\/v2\/users\/1"}],"replies":[{"embeddable":true,"href":"https:\/\/rentalcannes.fr\/index.php?rest_route=%2Fwp%2Fv2%2Fcomments&post=3896"}],"version-history":[{"count":2,"href":"https:\/\/rentalcannes.fr\/index.php?rest_route=\/wp\/v2\/pages\/3896\/revisions"}],"predecessor-version":[{"id":3898,"href":"https:\/\/rentalcannes.fr\/index.php?rest_route=\/wp\/v2\/pages\/3896\/revisions\/3898"}],"wp:attachment":[{"href":"https:\/\/rentalcannes.fr\/index.php?rest_route=%2Fwp%2Fv2%2Fmedia&parent=3896"}],"curies":[{"name":"wp","href":"https:\/\/api.w.org\/{rel}","templated":true}]}}