{"id":3893,"date":"2024-10-27T20:19:08","date_gmt":"2024-10-27T18:19:08","guid":{"rendered":"https:\/\/rentalcannes.fr\/?page_id=3893"},"modified":"2024-10-27T20:19:08","modified_gmt":"2024-10-27T18:19:08","slug":"politique-en-matiere-de-cookies","status":"publish","type":"page","link":"https:\/\/rentalcannes.fr\/?page_id=3893","title":{"rendered":"Politique en Mati\u00e8re de Cookies"},"content":{"rendered":"\r\n<div class=\"cmsms_text\">\r\n<div class=\"vc_row wpb_row vc_row-fluid\">\r\n<div class=\"wpb_column vc_column_container vc_col-sm-12\">\r\n<div class=\"vc_column-inner\">\r\n<div class=\"wpb_wrapper\">\r\n<div class=\"wpb_text_column wpb_content_element \">\r\n<div class=\"wpb_wrapper\">\r\n<h3 class=\"wp-block-heading\"><strong>1. Qu\u2019est-ce qu\u2019un cookie ?<\/strong><\/h3>\r\n<p>Un cookie est un petit fichier constitu\u00e9 de lettres et de chiffres et t\u00e9l\u00e9charg\u00e9 sur votre ordinateur lorsque vous acc\u00e9dez \u00e0 certains sites web. En g\u00e9n\u00e9ral, les cookies permettent \u00e0 un site web de reconna\u00eetre l\u2019ordinateur de l\u2019utilisateur.<br \/>\u200b<br \/>La chose la plus importante \u00e0 savoir sur les cookies que nous pla\u00e7ons est qu\u2019ils servent \u00e0 am\u00e9liorer la convivialit\u00e9 de notre site web, par exemple en m\u00e9morisant les pr\u00e9f\u00e9rences du site et les param\u00e8tres linguistiques.<\/p>\r\n<\/div>\r\n<\/div>\r\n<\/div>\r\n<\/div>\r\n<\/div>\r\n<\/div>\r\n<\/div>\r\n<div id=\"cmsms_divider_66c0855505835\" class=\"cmsms_divider solid\">\u00a0<\/div>\r\n<div class=\"cmsms_text\">\r\n<div class=\"vc_row wpb_row vc_row-fluid\">\r\n<div class=\"wpb_column vc_column_container vc_col-sm-12\">\r\n<div class=\"vc_column-inner\">\r\n<div class=\"wpb_wrapper\">\r\n<div class=\"wpb_text_column wpb_content_element \">\r\n<h3 class=\"wpb_wrapper\"><strong>2. Pourquoi utilisons nous des cookies ?<\/strong><\/h3>\r\n<\/div>\r\n<\/div>\r\n<\/div>\r\n<\/div>\r\n<\/div>\r\n<div class=\"vc_row wpb_row vc_row-fluid\">\r\n<div class=\"wpb_column vc_column_container vc_col-sm-12\">\r\n<div class=\"vc_column-inner\">\r\n<div class=\"wpb_wrapper\">\r\n<div class=\"wpb_text_column wpb_content_element \">\r\n<div class=\"wpb_wrapper\">\r\n<p>Nous pouvons utiliser des cookies et d\u2019autres technologies similaires pour un certain nombre de raisons, par exemple : pour des besoins de s\u00e9curit\u00e9 ou de protection contre la fraude, et afin d\u2019identifier et de pr\u00e9venir les cyber-attaques, pour vous fournir le service que vous avez choisi de recevoir de notre part, pour contr\u00f4ler et analyser les performances, le fonctionnement et l\u2019efficacit\u00e9 de notre service et d\u2019am\u00e9liorer votre exp\u00e9rience utilisateur.<\/p>\r\n<\/div>\r\n<\/div>\r\n<\/div>\r\n<\/div>\r\n<\/div>\r\n<\/div>\r\n<\/div>\r\n<div id=\"cmsms_divider_66c08555058b2\" class=\"cmsms_divider solid\">\u00a0<\/div>\r\n<div class=\"cmsms_text\">\r\n<div class=\"vc_row wpb_row vc_row-fluid\">\r\n<div class=\"wpb_column vc_column_container vc_col-sm-12\">\r\n<div class=\"vc_column-inner\">\r\n<div class=\"wpb_wrapper\">\r\n<div class=\"wpb_text_column wpb_content_element \">\r\n<h3 class=\"wpb_wrapper\"><strong>3. Tableau des cookies :<\/strong><\/h3>\r\n<\/div>\r\n<\/div>\r\n<\/div>\r\n<\/div>\r\n<\/div>\r\n<div class=\"vc_row wpb_row vc_row-fluid\">\r\n<div class=\"wpb_column vc_column_container vc_col-sm-12\">\r\n<div class=\"vc_column-inner\">\r\n<div class=\"wpb_wrapper\">\r\n<div class=\"wpb_text_column wpb_content_element \">\r\n<div class=\"wpb_wrapper\">\r\n<p>Dans cette section, vous devez mentionner les cookies que vous utilisez sur votre site.<\/p>\r\n<\/div>\r\n<\/div>\r\n<\/div>\r\n<\/div>\r\n<\/div>\r\n<\/div>\r\n<\/div>\r\n<div id=\"cmsms_divider_66c085550591f\" class=\"cmsms_divider solid\">\u00a0<\/div>\r\n<div class=\"cmsms_text\">\r\n<div class=\"vc_row wpb_row vc_row-fluid\">\r\n<div class=\"wpb_column vc_column_container vc_col-sm-12\">\r\n<div class=\"vc_column-inner\">\r\n<div class=\"wpb_wrapper\">\r\n<div class=\"wpb_text_column wpb_content_element \">\r\n<div class=\"wpb_wrapper\">\u00a0<\/div>\r\n<\/div>\r\n<\/div>\r\n<\/div>\r\n<\/div>\r\n<\/div>\r\n<div class=\"vc_row wpb_row vc_row-fluid\">\r\n<div class=\"wpb_column vc_column_container vc_col-sm-12\">\r\n<div class=\"vc_column-inner\">\r\n<div class=\"wpb_wrapper\">\r\n<div class=\"wpb_text_column wpb_content_element \">\r\n<div class=\"wpb_wrapper\">\r\n<h3><strong>4. Vos choix :<\/strong><\/h3>\r\n<p class=\"font_8\">Pour en savoir plus sur les cookies, notamment sur la mani\u00e8re de voir quels cookies ont \u00e9t\u00e9 d\u00e9finis et de comprendre comment les g\u00e9rer, les supprimer ou les bloquer, visitez\u00a0<a href=\"https:\/\/aboutcookies.org\/\" target=\"_blank\" rel=\"noopener\">https:\/\/aboutcookies.org\/<\/a>\u00a0ou\u00a0<a href=\"https:\/\/www.allaboutcookies.org\/fr\/\" target=\"_blank\" rel=\"noopener\">https:\/\/www.allaboutcookies.org\/fr\/<\/a>.<\/p>\r\n<p class=\"font_8\">Il est \u00e9galement possible d\u2019emp\u00eacher votre navigateur d\u2019accepter les cookies en modifiant les param\u00e8tres concern\u00e9s dans votre navigateur. Vous pouvez g\u00e9n\u00e9ralement trouver ces param\u00e8tres dans le menu\u00a0\u00ab\u00a0Options\u00a0\u00bb\u00a0ou\u00a0\u00ab\u00a0Pr\u00e9f\u00e9rences\u00a0\u00bb\u00a0de votre navigateur.<\/p>\r\n<p class=\"font_8\">Veuillez noter que la suppression de nos cookies ou la d\u00e9sactivation de futurs cookies ou technologies de suivi pourront vous emp\u00eacher d\u2019acc\u00e9der \u00e0 certaines zones ou fonctionnalit\u00e9s de nos services, ou pourront autrement affecter n\u00e9gativement votre exp\u00e9rience d\u2019utilisateur.<\/p>\r\n<p class=\"font_8\">Les liens suivants peuvent \u00eatre utiles, ou vous pouvez utiliser l\u2019option\u00a0\u00ab\u00a0Aide\u00a0\u00bb\u00a0de votre navigateur.<\/p>\r\n<ul class=\"font_8\">\r\n<li>\r\n<p class=\"font_8\"><a href=\"https:\/\/support.mozilla.org\/fr\/kb\/protection-renforcee-contre-pistage-firefox-ordinateur?redirectslug=Enabling+and+disabling+cookies&amp;redirectlocale=en-US\" target=\"_blank\" rel=\"noopener\">Param\u00e8tres des cookies dans Firefox<\/a><\/p>\r\n<\/li>\r\n<li>\r\n<p class=\"font_8\"><a href=\"https:\/\/support.microsoft.com\/fr-fr\/topic\/supprimer-et-g%C3%A9rer-les-cookies-168dab11-0753-043d-7c16-ede5947fc64d\" target=\"_blank\" rel=\"noopener\">Param\u00e8tres des cookies dans Internet Explorer<\/a><\/p>\r\n<\/li>\r\n<li>\r\n<p class=\"font_8\"><a href=\"https:\/\/support.google.com\/chrome\/answer\/95647?hl=fr\" target=\"_blank\" rel=\"noopener\">Param\u00e8tres des cookies dans Google Chrome<\/a><\/p>\r\n<\/li>\r\n<li>\r\n<p class=\"font_8\"><a href=\"https:\/\/support.apple.com\/fr-fr\/guide\/safari\/sfri11471\/mac\" target=\"_blank\" rel=\"noopener\">Param\u00e8tres des cookies dans Safari (OS\u00a0X)<\/a><\/p>\r\n<\/li>\r\n<li>\r\n<p class=\"font_8\"><a href=\"https:\/\/support.apple.com\/fr-fr\/HT201265\" target=\"_blank\" rel=\"noopener\">Param\u00e8tres des cookies dans Safari (iOS)<\/a><\/p>\r\n<\/li>\r\n<li>\r\n<p class=\"font_8\"><a href=\"https:\/\/support.google.com\/accounts\/answer\/32050?co=GENIE.Platform%3DAndroid&amp;hl=fr\" target=\"_blank\" rel=\"noopener\">Param\u00e8tres des cookies dans Android<\/a><\/p>\r\n<\/li>\r\n<\/ul>\r\n<p class=\"font_8\"><strong>Pour refuser et emp\u00eacher que vos donn\u00e9es soient utilis\u00e9es par Google Analytics sur tous les sites web, consultez les instructions suivantes\u00a0:<\/strong>\u00a0<a href=\"https:\/\/tools.google.com\/dlpage\/gaoptout?hl=fr\" target=\"_blank\" rel=\"noopener\">https:\/\/tools.google.com\/dlpage\/gaoptout?hl=fr<\/a>.<\/p>\r\n<p class=\"font_8\">Il se peut que nous modifiions cette politique en mati\u00e8re de cookies. Nous vous encourageons \u00e0 consulter r\u00e9guli\u00e8rement cette page pour obtenir les derni\u00e8res informations sur les cookies.<\/p>\r\n<\/div>\r\n<\/div>\r\n<\/div>\r\n<\/div>\r\n<\/div>\r\n<\/div>\r\n<\/div>\r\n","protected":false},"excerpt":{"rendered":"<p>1. Qu\u2019est-ce qu\u2019un cookie ? Un cookie est un petit fichier constitu\u00e9 de lettres et de chiffres et t\u00e9l\u00e9charg\u00e9 sur votre ordinateur lorsque vous acc\u00e9dez \u00e0 certains sites web. En g\u00e9n\u00e9ral, les cookies permettent \u00e0 un site web de reconna\u00eetre l\u2019ordinateur de l\u2019utilisateur.\u200bLa chose la plus importante \u00e0 savoir sur les cookies que nous pla\u00e7ons [&hellip;]<\/p>\n","protected":false},"author":1,"featured_media":0,"parent":0,"menu_order":0,"comment_status":"closed","ping_status":"closed","template":"","meta":{"footnotes":""},"class_list":["post-3893","page","type-page","status-publish","hentry"],"yoast_head":"<!-- This site is optimized with the Yoast SEO plugin v25.4 - https:\/\/yoast.com\/wordpress\/plugins\/seo\/ -->\n<title>Politique en Mati\u00e8re de Cookies - RentalCannes.fr<\/title>\n<meta name=\"robots\" content=\"index, follow, max-snippet:-1, max-image-preview:large, max-video-preview:-1\" \/>\n<link rel=\"canonical\" href=\"https:\/\/rentalcannes.fr\/?page_id=3893\" \/>\n<meta property=\"og:locale\" content=\"fr_FR\" \/>\n<meta property=\"og:type\" content=\"article\" \/>\n<meta property=\"og:title\" content=\"Politique en Mati\u00e8re de Cookies - RentalCannes.fr\" \/>\n<meta property=\"og:description\" content=\"1. Qu\u2019est-ce qu\u2019un cookie ? Un cookie est un petit fichier constitu\u00e9 de lettres et de chiffres et t\u00e9l\u00e9charg\u00e9 sur votre ordinateur lorsque vous acc\u00e9dez \u00e0 certains sites web. En g\u00e9n\u00e9ral, les cookies permettent \u00e0 un site web de reconna\u00eetre l\u2019ordinateur de l\u2019utilisateur.\u200bLa chose la plus importante \u00e0 savoir sur les cookies que nous pla\u00e7ons [&hellip;]\" \/>\n<meta property=\"og:url\" content=\"https:\/\/rentalcannes.fr\/?page_id=3893\" \/>\n<meta property=\"og:site_name\" content=\"RentalCannes.fr\" \/>\n<meta name=\"twitter:card\" content=\"summary_large_image\" \/>\n<meta name=\"twitter:label1\" content=\"Dur\u00e9e de lecture estim\u00e9e\" \/>\n\t<meta name=\"twitter:data1\" content=\"2 minutes\" \/>\n<script type=\"application\/ld+json\" class=\"yoast-schema-graph\">{\"@context\":\"https:\/\/schema.org\",\"@graph\":[{\"@type\":\"WebPage\",\"@id\":\"https:\/\/rentalcannes.fr\/?page_id=3893\",\"url\":\"https:\/\/rentalcannes.fr\/?page_id=3893\",\"name\":\"Politique en Mati\u00e8re de Cookies - RentalCannes.fr\",\"isPartOf\":{\"@id\":\"https:\/\/rentalcannes.fr\/#website\"},\"datePublished\":\"2024-10-27T18:19:08+00:00\",\"breadcrumb\":{\"@id\":\"https:\/\/rentalcannes.fr\/?page_id=3893#breadcrumb\"},\"inLanguage\":\"fr-FR\",\"potentialAction\":[{\"@type\":\"ReadAction\",\"target\":[\"https:\/\/rentalcannes.fr\/?page_id=3893\"]}]},{\"@type\":\"BreadcrumbList\",\"@id\":\"https:\/\/rentalcannes.fr\/?page_id=3893#breadcrumb\",\"itemListElement\":[{\"@type\":\"ListItem\",\"position\":1,\"name\":\"Accueil\",\"item\":\"https:\/\/rentalcannes.fr\/\"},{\"@type\":\"ListItem\",\"position\":2,\"name\":\"Politique en Mati\u00e8re de Cookies\"}]},{\"@type\":\"WebSite\",\"@id\":\"https:\/\/rentalcannes.fr\/#website\",\"url\":\"https:\/\/rentalcannes.fr\/\",\"name\":\"RentalCannes.fr\",\"description\":\"www.RentalCannes.fr\",\"potentialAction\":[{\"@type\":\"SearchAction\",\"target\":{\"@type\":\"EntryPoint\",\"urlTemplate\":\"https:\/\/rentalcannes.fr\/?s={search_term_string}\"},\"query-input\":{\"@type\":\"PropertyValueSpecification\",\"valueRequired\":true,\"valueName\":\"search_term_string\"}}],\"inLanguage\":\"fr-FR\"}]}<\/script>\n<!-- \/ Yoast SEO plugin. -->","yoast_head_json":{"title":"Politique en Mati\u00e8re de Cookies - RentalCannes.fr","robots":{"index":"index","follow":"follow","max-snippet":"max-snippet:-1","max-image-preview":"max-image-preview:large","max-video-preview":"max-video-preview:-1"},"canonical":"https:\/\/rentalcannes.fr\/?page_id=3893","og_locale":"fr_FR","og_type":"article","og_title":"Politique en Mati\u00e8re de Cookies - RentalCannes.fr","og_description":"1. Qu\u2019est-ce qu\u2019un cookie ? Un cookie est un petit fichier constitu\u00e9 de lettres et de chiffres et t\u00e9l\u00e9charg\u00e9 sur votre ordinateur lorsque vous acc\u00e9dez \u00e0 certains sites web. En g\u00e9n\u00e9ral, les cookies permettent \u00e0 un site web de reconna\u00eetre l\u2019ordinateur de l\u2019utilisateur.\u200bLa chose la plus importante \u00e0 savoir sur les cookies que nous pla\u00e7ons [&hellip;]","og_url":"https:\/\/rentalcannes.fr\/?page_id=3893","og_site_name":"RentalCannes.fr","twitter_card":"summary_large_image","twitter_misc":{"Dur\u00e9e de lecture estim\u00e9e":"2 minutes"},"schema":{"@context":"https:\/\/schema.org","@graph":[{"@type":"WebPage","@id":"https:\/\/rentalcannes.fr\/?page_id=3893","url":"https:\/\/rentalcannes.fr\/?page_id=3893","name":"Politique en Mati\u00e8re de Cookies - RentalCannes.fr","isPartOf":{"@id":"https:\/\/rentalcannes.fr\/#website"},"datePublished":"2024-10-27T18:19:08+00:00","breadcrumb":{"@id":"https:\/\/rentalcannes.fr\/?page_id=3893#breadcrumb"},"inLanguage":"fr-FR","potentialAction":[{"@type":"ReadAction","target":["https:\/\/rentalcannes.fr\/?page_id=3893"]}]},{"@type":"BreadcrumbList","@id":"https:\/\/rentalcannes.fr\/?page_id=3893#breadcrumb","itemListElement":[{"@type":"ListItem","position":1,"name":"Accueil","item":"https:\/\/rentalcannes.fr\/"},{"@type":"ListItem","position":2,"name":"Politique en Mati\u00e8re de Cookies"}]},{"@type":"WebSite","@id":"https:\/\/rentalcannes.fr\/#website","url":"https:\/\/rentalcannes.fr\/","name":"RentalCannes.fr","description":"www.RentalCannes.fr","potentialAction":[{"@type":"SearchAction","target":{"@type":"EntryPoint","urlTemplate":"https:\/\/rentalcannes.fr\/?s={search_term_string}"},"query-input":{"@type":"PropertyValueSpecification","valueRequired":true,"valueName":"search_term_string"}}],"inLanguage":"fr-FR"}]}},"_links":{"self":[{"href":"https:\/\/rentalcannes.fr\/index.php?rest_route=\/wp\/v2\/pages\/3893","targetHints":{"allow":["GET"]}}],"collection":[{"href":"https:\/\/rentalcannes.fr\/index.php?rest_route=\/wp\/v2\/pages"}],"about":[{"href":"https:\/\/rentalcannes.fr\/index.php?rest_route=\/wp\/v2\/types\/page"}],"author":[{"embeddable":true,"href":"https:\/\/rentalcannes.fr\/index.php?rest_route=\/wp\/v2\/users\/1"}],"replies":[{"embeddable":true,"href":"https:\/\/rentalcannes.fr\/index.php?rest_route=%2Fwp%2Fv2%2Fcomments&post=3893"}],"version-history":[{"count":1,"href":"https:\/\/rentalcannes.fr\/index.php?rest_route=\/wp\/v2\/pages\/3893\/revisions"}],"predecessor-version":[{"id":3894,"href":"https:\/\/rentalcannes.fr\/index.php?rest_route=\/wp\/v2\/pages\/3893\/revisions\/3894"}],"wp:attachment":[{"href":"https:\/\/rentalcannes.fr\/index.php?rest_route=%2Fwp%2Fv2%2Fmedia&parent=3893"}],"curies":[{"name":"wp","href":"https:\/\/api.w.org\/{rel}","templated":true}]}}